{"id":1370,"date":"2023-12-14T10:55:26","date_gmt":"2023-12-14T09:55:26","guid":{"rendered":"https:\/\/fececa.net\/privacy-policy\/"},"modified":"2024-08-27T17:28:05","modified_gmt":"2024-08-27T16:28:05","slug":"privacy-policy","status":"publish","type":"page","link":"https:\/\/fececa.net\/en\/privacy-policy\/","title":{"rendered":"Privacy policy"},"content":{"rendered":"\r\n<div id=\"cabecera-2-block_ca98adebcd3f98852e6f69865128d23f\" class=\"cabecera-2 c-bg-primary\">\r\n    <div class=\"container-fluid p-0\">\r\n        <div class=\"row align-items-center\">\r\n            <!-- Columna para el t\u00edtulo y el texto -->\r\n            <div class=\"col-lg-8 col-text p-4 d-flex justify-content-end\">\r\n                <div>\r\n                                            <h1 class=\"header-title titulo_seccion mb-3\">Privacy policy<\/h1>\r\n                                        \r\n                                            <div class=\"header-text pb-3\">\r\n                            The Federation of Official Spanish Chambers of Commerce in America (FECECA) values and respects the privacy of its users. This privacy policy describes how we collect, use, and protect the personal information that you may provide to us through our website.                        <\/div>\r\n                                    <\/div>\r\n            <\/div>\r\n            \r\n            <!-- Columna para la imagen -->\r\n            <div class=\"col-lg-4 ps-5 ps-md-0 d-flex align-items-center h-100 justify-content-end\">\r\n                                    <div class=\"header-image\" >\r\n                        <img decoding=\"async\" src=\"https:\/\/fececa.net\/wp-content\/uploads\/2024\/01\/Vector-2.png\" alt=\"Privacy policy\" \/>\r\n                    <\/div>\r\n                            <\/div>\r\n        <\/div>\r\n    <\/div>\r\n<\/div>\r\n\r\n<style>\r\n\/* Estilos adicionales si son necesarios *\/\r\n#cabecera-2-block_ca98adebcd3f98852e6f69865128d23f .col-text {\r\n    padding: 130px 10% 50px 13% !important;\r\n}\r\n@media(min-width:768px){\r\n    #cabecera-2-block_ca98adebcd3f98852e6f69865128d23f .col-text{\r\n        padding: 130px 150px 95px !important;\r\n    }\r\n    #cabecera-2-block_ca98adebcd3f98852e6f69865128d23f .col-text > div{\r\n        max-width: 800px;\r\n        padding-right:50px;\r\n\r\n    }\r\n    #cabecera-2-block_ca98adebcd3f98852e6f69865128d23f .header-text {\r\n        color: rgba(0, 0, 0, 0.70);\r\n        font-family: 'Open Sans';\r\n        font-size: 24px;\r\n        font-weight: 400;\r\n        line-height: 32px; \r\n    }\r\n}\r\n\r\n\r\n\r\n#cabecera-2-block_ca98adebcd3f98852e6f69865128d23f .header-image img {\r\n    width: 100%;\r\n    height: auto;\r\n\r\n\r\n}\r\n#cabecera-2-block_ca98adebcd3f98852e6f69865128d23f .header-image{\r\n    max-height:340px;\r\n}\r\n\r\n@media(max-width:768px){\r\n    #cabecera-2-block_ca98adebcd3f98852e6f69865128d23f .header-image {\r\n        padding:10px 0 42px 0;\r\n}\r\n<\/style>\r\n\r\n<div id=\"lista-block_6b15c880a9d96ee684613ab759074837\" class=\" lista py-5\" >\r\n    <div class=\"container px-4\">\r\n                    <div class=\"ele-lista\">\r\n                            <div class=\"lista-cont  mb-5\">                        \r\n                    <h3 class=\"sub-tit mb-4\">Use of Information <\/h3>\r\n                                            <div class=\"item-lista mb-3 d-flex gap-2 ps-2\">\r\n                            <div>\r\n                                <svg xmlns=\"http:\/\/www.w3.org\/2000\/svg\" width=\"7\" height=\"14\" viewBox=\"0 0 7 14\" fill=\"none\">\r\n                                <path d=\"M0 1L6 7L0 13\" stroke=\"#FF5C00\" stroke-linecap=\"round\"\/>\r\n                                <\/svg>\r\n                            <\/div>\r\n                            <div >\r\n                                We personalize your experience on our site.                            <\/div>\r\n                        <\/div>\r\n                                            <div class=\"item-lista mb-3 d-flex gap-2 ps-2\">\r\n                            <div>\r\n                                <svg xmlns=\"http:\/\/www.w3.org\/2000\/svg\" width=\"7\" height=\"14\" viewBox=\"0 0 7 14\" fill=\"none\">\r\n                                <path d=\"M0 1L6 7L0 13\" stroke=\"#FF5C00\" stroke-linecap=\"round\"\/>\r\n                                <\/svg>\r\n                            <\/div>\r\n                            <div >\r\n                                We send relevant communications about events, news and updates.                            <\/div>\r\n                        <\/div>\r\n                                            <div class=\"item-lista mb-3 d-flex gap-2 ps-2\">\r\n                            <div>\r\n                                <svg xmlns=\"http:\/\/www.w3.org\/2000\/svg\" width=\"7\" height=\"14\" viewBox=\"0 0 7 14\" fill=\"none\">\r\n                                <path d=\"M0 1L6 7L0 13\" stroke=\"#FF5C00\" stroke-linecap=\"round\"\/>\r\n                                <\/svg>\r\n                            <\/div>\r\n                            <div >\r\n                                We improve our services and content based on your feedback.                            <\/div>\r\n                        <\/div>\r\n                                    <\/div>       \r\n                            <div class=\"lista-cont  mb-5\">                        \r\n                    <h3 class=\"sub-tit mb-4\">Information We Collect <\/h3>\r\n                                            <div class=\"item-lista mb-3 d-flex gap-2 ps-2\">\r\n                            <div>\r\n                                <svg xmlns=\"http:\/\/www.w3.org\/2000\/svg\" width=\"7\" height=\"14\" viewBox=\"0 0 7 14\" fill=\"none\">\r\n                                <path d=\"M0 1L6 7L0 13\" stroke=\"#FF5C00\" stroke-linecap=\"round\"\/>\r\n                                <\/svg>\r\n                            <\/div>\r\n                            <div >\r\n                                Contact information such as name and email address.                            <\/div>\r\n                        <\/div>\r\n                                            <div class=\"item-lista mb-3 d-flex gap-2 ps-2\">\r\n                            <div>\r\n                                <svg xmlns=\"http:\/\/www.w3.org\/2000\/svg\" width=\"7\" height=\"14\" viewBox=\"0 0 7 14\" fill=\"none\">\r\n                                <path d=\"M0 1L6 7L0 13\" stroke=\"#FF5C00\" stroke-linecap=\"round\"\/>\r\n                                <\/svg>\r\n                            <\/div>\r\n                            <div >\r\n                                Activity on the site                            <\/div>\r\n                        <\/div>\r\n                                    <\/div>       \r\n                            <div class=\"lista-cont  mb-5\">                        \r\n                    <h3 class=\"sub-tit mb-4\">Information protection<\/h3>\r\n                                            <div class=\"item-lista mb-3 d-flex gap-2 ps-2\">\r\n                            <div>\r\n                                <svg xmlns=\"http:\/\/www.w3.org\/2000\/svg\" width=\"7\" height=\"14\" viewBox=\"0 0 7 14\" fill=\"none\">\r\n                                <path d=\"M0 1L6 7L0 13\" stroke=\"#FF5C00\" stroke-linecap=\"round\"\/>\r\n                                <\/svg>\r\n                            <\/div>\r\n                            <div >\r\n                                We implement security measures to protect the information.                            <\/div>\r\n                        <\/div>\r\n                                            <div class=\"item-lista mb-3 d-flex gap-2 ps-2\">\r\n                            <div>\r\n                                <svg xmlns=\"http:\/\/www.w3.org\/2000\/svg\" width=\"7\" height=\"14\" viewBox=\"0 0 7 14\" fill=\"none\">\r\n                                <path d=\"M0 1L6 7L0 13\" stroke=\"#FF5C00\" stroke-linecap=\"round\"\/>\r\n                                <\/svg>\r\n                            <\/div>\r\n                            <div >\r\n                                We restrict access to personal information to authorized personnel only.                            <\/div>\r\n                        <\/div>\r\n                                            <div class=\"item-lista mb-3 d-flex gap-2 ps-2\">\r\n                            <div>\r\n                                <svg xmlns=\"http:\/\/www.w3.org\/2000\/svg\" width=\"7\" height=\"14\" viewBox=\"0 0 7 14\" fill=\"none\">\r\n                                <path d=\"M0 1L6 7L0 13\" stroke=\"#FF5C00\" stroke-linecap=\"round\"\/>\r\n                                <\/svg>\r\n                            <\/div>\r\n                            <div >\r\n                                Disclosure of Information.                            <\/div>\r\n                        <\/div>\r\n                                            <div class=\"item-lista mb-3 d-flex gap-2 ps-2\">\r\n                            <div>\r\n                                <svg xmlns=\"http:\/\/www.w3.org\/2000\/svg\" width=\"7\" height=\"14\" viewBox=\"0 0 7 14\" fill=\"none\">\r\n                                <path d=\"M0 1L6 7L0 13\" stroke=\"#FF5C00\" stroke-linecap=\"round\"\/>\r\n                                <\/svg>\r\n                            <\/div>\r\n                            <div >\r\n                                We do not share your information with third parties without your consent, except when required by law.                            <\/div>\r\n                        <\/div>\r\n                                    <\/div>       \r\n                            <div class=\"lista-cont  mb-5\">                        \r\n                    <h3 class=\"sub-tit mb-4\">Cookies and Similar Technologies<\/h3>\r\n                                            <div class=\"item-lista mb-3 d-flex gap-2 ps-2\">\r\n                            <div>\r\n                                <svg xmlns=\"http:\/\/www.w3.org\/2000\/svg\" width=\"7\" height=\"14\" viewBox=\"0 0 7 14\" fill=\"none\">\r\n                                <path d=\"M0 1L6 7L0 13\" stroke=\"#FF5C00\" stroke-linecap=\"round\"\/>\r\n                                <\/svg>\r\n                            <\/div>\r\n                            <div >\r\n                                We use cookies to improve user experience and analyze site traffic.                            <\/div>\r\n                        <\/div>\r\n                                    <\/div>       \r\n                            <div class=\"lista-cont  mb-5\">                        \r\n                    <h3 class=\"sub-tit mb-4\"> Links to Third Parties<\/h3>\r\n                                            <div class=\"item-lista mb-3 d-flex gap-2 ps-2\">\r\n                            <div>\r\n                                <svg xmlns=\"http:\/\/www.w3.org\/2000\/svg\" width=\"7\" height=\"14\" viewBox=\"0 0 7 14\" fill=\"none\">\r\n                                <path d=\"M0 1L6 7L0 13\" stroke=\"#FF5C00\" stroke-linecap=\"round\"\/>\r\n                                <\/svg>\r\n                            <\/div>\r\n                            <div >\r\n                                Our site may contain links to third party websites. This privacy policy does not apply to those sites, so we recommend that you review their privacy policies.                            <\/div>\r\n                        <\/div>\r\n                                    <\/div>       \r\n                            <div class=\"lista-cont  mb-5\">                        \r\n                    <h3 class=\"sub-tit mb-4\"> Your Rights<\/h3>\r\n                                            <div class=\"item-lista mb-3 d-flex gap-2 ps-2\">\r\n                            <div>\r\n                                <svg xmlns=\"http:\/\/www.w3.org\/2000\/svg\" width=\"7\" height=\"14\" viewBox=\"0 0 7 14\" fill=\"none\">\r\n                                <path d=\"M0 1L6 7L0 13\" stroke=\"#FF5C00\" stroke-linecap=\"round\"\/>\r\n                                <\/svg>\r\n                            <\/div>\r\n                            <div >\r\n                                By using our site, you agree to this privacy policy. For inquiries, contact us at fececa@camescom.mx                            <\/div>\r\n                        <\/div>\r\n                                    <\/div>       \r\n                        <\/div>\r\n                \r\n    <\/div>\r\n<\/div>\r\n\r\n<style>\r\n    #lista-block_6b15c880a9d96ee684613ab759074837  .container{\r\n        max-width:700px;\r\n      \r\n    }\r\n    @media(min-width:768px){\r\n        #lista-block_6b15c880a9d96ee684613ab759074837 .item-lista{\r\n            color:#000;\r\n            font-size: 24px;\r\n            font-weight: 200;\r\n            line-height: 130%;\r\n        }\r\n    }\r\n    @media(max-width:768px){\r\n        #lista-block_6b15c880a9d96ee684613ab759074837  .sub-tit{\r\n            font-size: 24px;\r\n            line-height: 139%;\r\n        }   \r\n      \r\n    }\r\n    \r\n<\/style>","protected":false},"excerpt":{"rendered":"","protected":false},"author":1,"featured_media":0,"parent":0,"menu_order":0,"comment_status":"closed","ping_status":"open","template":"","meta":{"footnotes":""},"class_list":["post-1370","page","type-page","status-publish","hentry"],"acf":[],"yoast_head":"<!-- This site is optimized with the Yoast SEO plugin v27.4 - https:\/\/yoast.com\/product\/yoast-seo-wordpress\/ -->\n<title>Privacy policy - FECECA - Federaci\u00f3n de C\u00e1maras Espa\u00f1olas de Comercio en Am\u00e9rica<\/title>\n<meta name=\"robots\" content=\"index, follow, max-snippet:-1, max-image-preview:large, max-video-preview:-1\" \/>\n<link rel=\"canonical\" href=\"https:\/\/fececa.net\/en\/privacy-policy\/\" \/>\n<meta property=\"og:locale\" content=\"en_US\" \/>\n<meta property=\"og:type\" content=\"article\" \/>\n<meta property=\"og:title\" content=\"Privacy policy - FECECA - Federaci\u00f3n de C\u00e1maras Espa\u00f1olas de Comercio en Am\u00e9rica\" \/>\n<meta property=\"og:url\" content=\"https:\/\/fececa.net\/en\/privacy-policy\/\" \/>\n<meta property=\"og:site_name\" content=\"FECECA - Federaci\u00f3n de C\u00e1maras Espa\u00f1olas de Comercio en Am\u00e9rica\" \/>\n<meta property=\"article:modified_time\" content=\"2024-08-27T16:28:05+00:00\" \/>\n<meta name=\"twitter:card\" content=\"summary_large_image\" \/>\n<script type=\"application\/ld+json\" class=\"yoast-schema-graph\">{\"@context\":\"https:\\\/\\\/schema.org\",\"@graph\":[{\"@type\":\"WebPage\",\"@id\":\"https:\\\/\\\/fececa.net\\\/en\\\/privacy-policy\\\/\",\"url\":\"https:\\\/\\\/fececa.net\\\/en\\\/privacy-policy\\\/\",\"name\":\"Privacy policy - FECECA - Federaci\u00f3n de C\u00e1maras Espa\u00f1olas de Comercio en Am\u00e9rica\",\"isPartOf\":{\"@id\":\"https:\\\/\\\/fececa.net\\\/en\\\/#website\"},\"datePublished\":\"2023-12-14T09:55:26+00:00\",\"dateModified\":\"2024-08-27T16:28:05+00:00\",\"breadcrumb\":{\"@id\":\"https:\\\/\\\/fececa.net\\\/en\\\/privacy-policy\\\/#breadcrumb\"},\"inLanguage\":\"en-US\",\"potentialAction\":[{\"@type\":\"ReadAction\",\"target\":[\"https:\\\/\\\/fececa.net\\\/en\\\/privacy-policy\\\/\"]}]},{\"@type\":\"BreadcrumbList\",\"@id\":\"https:\\\/\\\/fececa.net\\\/en\\\/privacy-policy\\\/#breadcrumb\",\"itemListElement\":[{\"@type\":\"ListItem\",\"position\":1,\"name\":\"Portada\",\"item\":\"https:\\\/\\\/fececa.net\\\/en\\\/\"},{\"@type\":\"ListItem\",\"position\":2,\"name\":\"Privacy policy\"}]},{\"@type\":\"WebSite\",\"@id\":\"https:\\\/\\\/fececa.net\\\/en\\\/#website\",\"url\":\"https:\\\/\\\/fececa.net\\\/en\\\/\",\"name\":\"Fececa\",\"description\":\"\",\"publisher\":{\"@id\":\"https:\\\/\\\/fececa.net\\\/en\\\/#organization\"},\"potentialAction\":[{\"@type\":\"SearchAction\",\"target\":{\"@type\":\"EntryPoint\",\"urlTemplate\":\"https:\\\/\\\/fececa.net\\\/en\\\/?s={search_term_string}\"},\"query-input\":{\"@type\":\"PropertyValueSpecification\",\"valueRequired\":true,\"valueName\":\"search_term_string\"}}],\"inLanguage\":\"en-US\"},{\"@type\":\"Organization\",\"@id\":\"https:\\\/\\\/fececa.net\\\/en\\\/#organization\",\"name\":\"Fececa\",\"url\":\"https:\\\/\\\/fececa.net\\\/en\\\/\",\"logo\":{\"@type\":\"ImageObject\",\"inLanguage\":\"en-US\",\"@id\":\"https:\\\/\\\/fececa.net\\\/en\\\/#\\\/schema\\\/logo\\\/image\\\/\",\"url\":\"https:\\\/\\\/fececa.net\\\/wp-content\\\/uploads\\\/2023\\\/12\\\/Capa_1-1.png\",\"contentUrl\":\"https:\\\/\\\/fececa.net\\\/wp-content\\\/uploads\\\/2023\\\/12\\\/Capa_1-1.png\",\"width\":121,\"height\":32,\"caption\":\"Fececa\"},\"image\":{\"@id\":\"https:\\\/\\\/fececa.net\\\/en\\\/#\\\/schema\\\/logo\\\/image\\\/\"}}]}<\/script>\n<!-- \/ Yoast SEO plugin. -->","yoast_head_json":{"title":"Privacy policy - FECECA - Federaci\u00f3n de C\u00e1maras Espa\u00f1olas de Comercio en Am\u00e9rica","robots":{"index":"index","follow":"follow","max-snippet":"max-snippet:-1","max-image-preview":"max-image-preview:large","max-video-preview":"max-video-preview:-1"},"canonical":"https:\/\/fececa.net\/en\/privacy-policy\/","og_locale":"en_US","og_type":"article","og_title":"Privacy policy - FECECA - Federaci\u00f3n de C\u00e1maras Espa\u00f1olas de Comercio en Am\u00e9rica","og_url":"https:\/\/fececa.net\/en\/privacy-policy\/","og_site_name":"FECECA - Federaci\u00f3n de C\u00e1maras Espa\u00f1olas de Comercio en Am\u00e9rica","article_modified_time":"2024-08-27T16:28:05+00:00","twitter_card":"summary_large_image","schema":{"@context":"https:\/\/schema.org","@graph":[{"@type":"WebPage","@id":"https:\/\/fececa.net\/en\/privacy-policy\/","url":"https:\/\/fececa.net\/en\/privacy-policy\/","name":"Privacy policy - FECECA - Federaci\u00f3n de C\u00e1maras Espa\u00f1olas de Comercio en Am\u00e9rica","isPartOf":{"@id":"https:\/\/fececa.net\/en\/#website"},"datePublished":"2023-12-14T09:55:26+00:00","dateModified":"2024-08-27T16:28:05+00:00","breadcrumb":{"@id":"https:\/\/fececa.net\/en\/privacy-policy\/#breadcrumb"},"inLanguage":"en-US","potentialAction":[{"@type":"ReadAction","target":["https:\/\/fececa.net\/en\/privacy-policy\/"]}]},{"@type":"BreadcrumbList","@id":"https:\/\/fececa.net\/en\/privacy-policy\/#breadcrumb","itemListElement":[{"@type":"ListItem","position":1,"name":"Portada","item":"https:\/\/fececa.net\/en\/"},{"@type":"ListItem","position":2,"name":"Privacy policy"}]},{"@type":"WebSite","@id":"https:\/\/fececa.net\/en\/#website","url":"https:\/\/fececa.net\/en\/","name":"Fececa","description":"","publisher":{"@id":"https:\/\/fececa.net\/en\/#organization"},"potentialAction":[{"@type":"SearchAction","target":{"@type":"EntryPoint","urlTemplate":"https:\/\/fececa.net\/en\/?s={search_term_string}"},"query-input":{"@type":"PropertyValueSpecification","valueRequired":true,"valueName":"search_term_string"}}],"inLanguage":"en-US"},{"@type":"Organization","@id":"https:\/\/fececa.net\/en\/#organization","name":"Fececa","url":"https:\/\/fececa.net\/en\/","logo":{"@type":"ImageObject","inLanguage":"en-US","@id":"https:\/\/fececa.net\/en\/#\/schema\/logo\/image\/","url":"https:\/\/fececa.net\/wp-content\/uploads\/2023\/12\/Capa_1-1.png","contentUrl":"https:\/\/fececa.net\/wp-content\/uploads\/2023\/12\/Capa_1-1.png","width":121,"height":32,"caption":"Fececa"},"image":{"@id":"https:\/\/fececa.net\/en\/#\/schema\/logo\/image\/"}}]}},"_links":{"self":[{"href":"https:\/\/fececa.net\/en\/wp-json\/wp\/v2\/pages\/1370","targetHints":{"allow":["GET"]}}],"collection":[{"href":"https:\/\/fececa.net\/en\/wp-json\/wp\/v2\/pages"}],"about":[{"href":"https:\/\/fececa.net\/en\/wp-json\/wp\/v2\/types\/page"}],"author":[{"embeddable":true,"href":"https:\/\/fececa.net\/en\/wp-json\/wp\/v2\/users\/1"}],"replies":[{"embeddable":true,"href":"https:\/\/fececa.net\/en\/wp-json\/wp\/v2\/comments?post=1370"}],"version-history":[{"count":1,"href":"https:\/\/fececa.net\/en\/wp-json\/wp\/v2\/pages\/1370\/revisions"}],"predecessor-version":[{"id":1372,"href":"https:\/\/fececa.net\/en\/wp-json\/wp\/v2\/pages\/1370\/revisions\/1372"}],"wp:attachment":[{"href":"https:\/\/fececa.net\/en\/wp-json\/wp\/v2\/media?parent=1370"}],"curies":[{"name":"wp","href":"https:\/\/api.w.org\/{rel}","templated":true}]}}